{"id":6670,"date":"2025-02-03T02:30:18","date_gmt":"2025-02-03T02:30:18","guid":{"rendered":"https:\/\/bedeo.tech\/politique-de-confidentialite\/"},"modified":"2025-02-06T11:34:34","modified_gmt":"2025-02-06T11:34:34","slug":"politique-de-confidentialite","status":"publish","type":"page","link":"https:\/\/bedeo.tech\/fr\/politique-de-confidentialite\/","title":{"rendered":"Politique de confidentialit\u00e9"},"content":{"rendered":"\t\t<div data-elementor-type=\"wp-page\" data-elementor-id=\"6670\" class=\"elementor elementor-6670 elementor-405\" data-elementor-post-type=\"page\">\n\t\t\t\t<div class=\"elementor-element elementor-element-2c5a84e e-flex e-con-boxed e-con e-parent\" data-id=\"2c5a84e\" data-element_type=\"container\" data-e-type=\"container\">\n\t\t\t\t\t<div class=\"e-con-inner\">\n\t\t\t\t<div class=\"elementor-element elementor-element-982ac7a elementor-widget elementor-widget-heading\" data-id=\"982ac7a\" data-element_type=\"widget\" data-e-type=\"widget\" data-widget_type=\"heading.default\">\n\t\t\t\t<div class=\"elementor-widget-container\">\n\t\t\t\t\t<h2 class=\"elementor-heading-title elementor-size-default\">Politique de confidentialit\u00e9 de notre entreprise\n<\/h2>\t\t\t\t<\/div>\n\t\t\t\t<\/div>\n\t\t\t\t<div class=\"elementor-element elementor-element-adf87c3 elementor-widget-divider--view-line elementor-widget elementor-widget-divider\" data-id=\"adf87c3\" data-element_type=\"widget\" data-e-type=\"widget\" data-widget_type=\"divider.default\">\n\t\t\t\t<div class=\"elementor-widget-container\">\n\t\t\t\t\t\t\t<div class=\"elementor-divider\">\n\t\t\t<span class=\"elementor-divider-separator\">\n\t\t\t\t\t\t<\/span>\n\t\t<\/div>\n\t\t\t\t\t\t<\/div>\n\t\t\t\t<\/div>\n\t\t\t\t<div class=\"elementor-element elementor-element-01fc2a6 elementor-widget elementor-widget-text-editor\" data-id=\"01fc2a6\" data-element_type=\"widget\" data-e-type=\"widget\" data-widget_type=\"text-editor.default\">\n\t\t\t\t<div class=\"elementor-widget-container\">\n\t\t\t\t\t\t\t\t\t<p>Notre soci\u00e9t\u00e9 fait partie du groupe Our Company qui comprend Our Company International et Our Company Direct. Cette politique de confidentialit\u00e9 explique comment notre organisation utilise les donn\u00e9es personnelles que nous recueillons aupr\u00e8s de vous lorsque vous utilisez notre site web. <\/p>\n<p>Th\u00e8mes :<\/p>\n<p>Quelles sont les donn\u00e9es que nous collectons ?<br \/>Comment recueillons-nous vos donn\u00e9es ?<br \/>Comment utiliserons-nous vos donn\u00e9es ?<br \/>Marketing<br \/>Quels sont vos droits en mati\u00e8re de protection des donn\u00e9es ?<br \/>Que sont les cookies ?<br \/>Comment utilisons-nous les cookies ?<br \/>Quels types de cookies utilisons-nous ?<br \/>Comment g\u00e9rer vos cookies ?<br \/>Politiques de confidentialit\u00e9 d&rsquo;autres sites web<br \/>Modifications de notre politique de confidentialit\u00e9<br \/>Comment nous contacter ?<br \/>Comment contacter les autorit\u00e9s comp\u00e9tentes<\/p>\n<p>Quelles sont les donn\u00e9es que nous collectons ?<br \/>Notre soci\u00e9t\u00e9 recueille les donn\u00e9es suivantes :<\/p>\n<p>Informations d&rsquo;identification personnelle (nom, adresse \u00e9lectronique, num\u00e9ro de t\u00e9l\u00e9phone, etc.).<\/p>\n<p>Comment recueillons-nous vos donn\u00e9es ?<br \/>Vous fournissez directement \u00e0 notre soci\u00e9t\u00e9 la plupart des donn\u00e9es que nous recueillons. Nous collectons et traitons des donn\u00e9es lorsque vous : <\/p>\n<p>S&rsquo;inscrire en ligne.<br \/>R\u00e9pondre volontairement \u00e0 une enqu\u00eate aupr\u00e8s des clients ou fournir un retour d&rsquo;information sur l&rsquo;un de nos tableaux d&rsquo;affichage ou par courrier \u00e9lectronique.<br \/>Utiliser ou consulter notre site web via les cookies de votre navigateur.<\/p>\n<p>Comment utiliserons-nous vos donn\u00e9es ?<br \/>Notre soci\u00e9t\u00e9 recueille vos donn\u00e9es afin de pouvoir :<\/p>\n<p>Traiter votre commande et g\u00e9rer votre compte.<br \/>vous envoyer par courrier \u00e9lectronique des informations sur les services que nous pensons susceptibles de vous int\u00e9resser.<\/p>\n<p>Marketing<br \/>Notre soci\u00e9t\u00e9 peut vous envoyer des informations sur nos produits et services que nous pensons susceptibles de vous int\u00e9resser.<\/p>\n<p>Vous avez le droit, \u00e0 tout moment, d&#8217;emp\u00eacher notre soci\u00e9t\u00e9 de vous contacter \u00e0 des fins de marketing ou de communiquer vos donn\u00e9es \u00e0 d&rsquo;autres membres du groupe Our Company.<\/p>\n<p>Vous avez le droit, \u00e0 tout moment, d&#8217;emp\u00eacher notre soci\u00e9t\u00e9 de vous contacter \u00e0 des fins de marketing ou de communiquer vos donn\u00e9es \u00e0 d&rsquo;autres membres du groupe Our Company. Si vous ne souhaitez plus \u00eatre contact\u00e9 \u00e0 des fins de marketing, veuillez nous contacter \u00e0 l&rsquo;adresse suivante : info@bedeo.tech.<\/p>\n<p>Quels sont vos droits en mati\u00e8re de protection des donn\u00e9es ?<br \/>Notre soci\u00e9t\u00e9 souhaite s&rsquo;assurer que vous \u00eates pleinement conscient de vos droits en mati\u00e8re de protection des donn\u00e9es. Chaque utilisateur a droit \u00e0 ce qui suit : <\/p>\n<p>Droit d&rsquo;acc\u00e8s &#8211; Vous avez le droit de demander \u00e0 notre soci\u00e9t\u00e9 des copies de vos donn\u00e9es personnelles. Il se peut que nous vous facturions une somme modique pour ce service. <\/p>\n<p>Droit de rectification &#8211; Vous avez le droit de demander \u00e0 notre soci\u00e9t\u00e9 de corriger toute information que vous estimez inexacte. Vous avez \u00e9galement le droit de demander \u00e0 notre soci\u00e9t\u00e9 de compl\u00e9ter les informations que vous estimez incompl\u00e8tes. <\/p>\n<p>Le droit \u00e0 l&rsquo;effacement &#8211; Vous avez le droit de demander \u00e0 Notre Soci\u00e9t\u00e9 d&rsquo;effacer vos donn\u00e9es personnelles, sous certaines conditions.<\/p>\n<p>Le droit de restreindre le traitement &#8211; Vous avez le droit de demander \u00e0 notre soci\u00e9t\u00e9 de restreindre le traitement de vos donn\u00e9es personnelles, sous certaines conditions.<\/p>\n<p>Le droit de s&rsquo;opposer au traitement &#8211; Vous avez le droit de vous opposer au traitement de vos donn\u00e9es personnelles par Notre Soci\u00e9t\u00e9, sous certaines conditions.<\/p>\n<p>Droit \u00e0 la portabilit\u00e9 des donn\u00e9es &#8211; Vous avez le droit de demander \u00e0 notre soci\u00e9t\u00e9 de transf\u00e9rer les donn\u00e9es que nous avons collect\u00e9es \u00e0 une autre organisation, ou directement \u00e0 vous, sous certaines conditions.<\/p>\n<p>Si vous faites une demande, nous avons un mois pour vous r\u00e9pondre. Si vous souhaitez exercer l&rsquo;un de ces droits, veuillez nous contacter \u00e0 l&rsquo;adresse \u00e9lectronique suivante : info@bedeo.tech. <\/p>\n<p>Les cookies<br \/>Les cookies sont des fichiers texte plac\u00e9s sur votre ordinateur pour collecter des informations de journal Internet standard et des informations sur le comportement des visiteurs. Lorsque vous visitez nos sites web, nous pouvons collecter automatiquement des informations vous concernant par le biais de cookies ou d&rsquo;autres technologies similaires. <\/p>\n<p>Pour plus d&rsquo;informations, consultez le site allaboutcookies.org.<\/p>\n<p>Comment utilisons-nous les cookies ?<br \/>Notre soci\u00e9t\u00e9 utilise des cookies de diff\u00e9rentes mani\u00e8res afin d&rsquo;am\u00e9liorer votre exp\u00e9rience sur notre site web, y compris :<\/p>\n<p>Vous garder connect\u00e9<br \/>Comprendre comment vous utilisez notre site web<\/p>\n<p>Quels types de cookies utilisons-nous ?<br \/>Il existe un certain nombre de types de cookies diff\u00e9rents, mais notre site web en utilise :<\/p>\n<p>Fonctionnalit\u00e9 &#8211; Notre soci\u00e9t\u00e9 utilise ces cookies pour vous reconna\u00eetre sur notre site web et se souvenir des pr\u00e9f\u00e9rences que vous avez s\u00e9lectionn\u00e9es pr\u00e9c\u00e9demment. Il peut s&rsquo;agir de la langue que vous pr\u00e9f\u00e9rez et de l&rsquo;endroit o\u00f9 vous vous trouvez. Nous utilisons \u00e0 la fois des cookies de premi\u00e8re partie et des cookies de tierce partie.<br \/>Publicit\u00e9 &#8211; Notre soci\u00e9t\u00e9 utilise ces cookies pour collecter des informations sur votre visite sur notre site web, le contenu que vous avez consult\u00e9, les liens que vous avez suivis et des informations sur votre navigateur, votre appareil et votre adresse IP. Notre soci\u00e9t\u00e9 partage parfois certains aspects limit\u00e9s de ces donn\u00e9es avec des tiers \u00e0 des fins publicitaires. Nous pouvons \u00e9galement partager avec nos partenaires publicitaires des donn\u00e9es en ligne collect\u00e9es par le biais de cookies. Cela signifie que lorsque vous visitez un autre site web, vous pouvez recevoir de la publicit\u00e9 bas\u00e9e sur vos habitudes de navigation sur notre site web.     <\/p>\n<p>Comment g\u00e9rer les cookies<br \/>Vous pouvez configurer votre navigateur pour qu&rsquo;il n&rsquo;accepte pas les cookies, et le site web susmentionn\u00e9 vous explique comment supprimer les cookies de votre navigateur. Toutefois, dans certains cas, il se peut que certaines fonctionnalit\u00e9s de notre site web ne fonctionnent pas. <\/p>\n<p>Politiques de confidentialit\u00e9 d&rsquo;autres sites web<br \/>Le site web de Our Company contient des liens vers d&rsquo;autres sites web. Notre politique de confidentialit\u00e9 ne s&rsquo;applique qu&rsquo;\u00e0 notre site web. Si vous cliquez sur un lien vers un autre site web, vous devez lire sa politique de confidentialit\u00e9. <\/p>\n<p>Modifications de notre politique de confidentialit\u00e9<br \/>Notre soci\u00e9t\u00e9 r\u00e9vise r\u00e9guli\u00e8rement sa politique de confidentialit\u00e9 et publie toute mise \u00e0 jour sur cette page web. Cette politique de confidentialit\u00e9 a \u00e9t\u00e9 mise \u00e0 jour pour la derni\u00e8re fois le 19 novembre 2019. <\/p>\n<p>Comment nous contacter<br \/>Si vous avez des questions concernant la politique de confidentialit\u00e9 de notre soci\u00e9t\u00e9, les donn\u00e9es que nous d\u00e9tenons sur vous, ou si vous souhaitez exercer l&rsquo;un de vos droits en mati\u00e8re de protection des donn\u00e9es, n&rsquo;h\u00e9sitez pas \u00e0 nous contacter.<\/p>\n<p>Envoyez-nous un courriel \u00e0 l&rsquo;adresse suivante : info@bedeo.tech<\/p>\n<p>Comment contacter l&rsquo;autorit\u00e9 comp\u00e9tente<br \/>Si vous souhaitez d\u00e9poser une plainte ou si vous estimez que notre soci\u00e9t\u00e9 n&rsquo;a pas r\u00e9pondu \u00e0 votre pr\u00e9occupation de mani\u00e8re satisfaisante, vous pouvez contacter l&rsquo;Information Commissioner&rsquo;s Office (bureau du commissaire \u00e0 l&rsquo;information).<\/p>\n<p>Email: info@bedeo.tech<\/p>\n\t\t\t\t\t\t\t\t<\/div>\n\t\t\t\t<\/div>\n\t\t\t\t\t<\/div>\n\t\t\t\t<\/div>\n\t\t\t\t<\/div>\n\t\t","protected":false},"excerpt":{"rendered":"<p>Politique de confidentialit\u00e9 de notre entreprise Notre soci\u00e9t\u00e9 fait partie du groupe Our Company qui comprend Our Company International et Our Company Direct. Cette politique de confidentialit\u00e9 explique comment notre organisation utilise les donn\u00e9es personnelles que nous recueillons aupr\u00e8s de vous lorsque vous utilisez notre site web. Th\u00e8mes : Quelles sont les donn\u00e9es que nous [&hellip;]<\/p>\n","protected":false},"author":1,"featured_media":0,"parent":0,"menu_order":0,"comment_status":"closed","ping_status":"closed","template":"elementor_header_footer","meta":{"_acf_changed":false,"footnotes":""},"class_list":["post-6670","page","type-page","status-publish","hentry"],"acf":[],"yoast_head":"<!-- This site is optimized with the Yoast SEO plugin v24.3 - https:\/\/yoast.com\/wordpress\/plugins\/seo\/ -->\n<title>Politique de confidentialit\u00e9 - Bedeo Tech<\/title>\n<meta name=\"description\" content=\"A company of visionary engineers making electrification integral to all transport \u2013 by road, sea and air.\" \/>\n<meta name=\"robots\" content=\"index, follow, max-snippet:-1, max-image-preview:large, max-video-preview:-1\" \/>\n<link rel=\"canonical\" href=\"https:\/\/bedeo.tech\/fr\/politique-de-confidentialite\/\" \/>\n<meta property=\"og:locale\" content=\"fr_FR\" \/>\n<meta property=\"og:type\" content=\"article\" \/>\n<meta property=\"og:title\" content=\"Politique de confidentialit\u00e9 - Bedeo Tech\" \/>\n<meta property=\"og:description\" content=\"A company of visionary engineers making electrification integral to all transport \u2013 by road, sea and air.\" \/>\n<meta property=\"og:url\" content=\"https:\/\/bedeo.tech\/fr\/politique-de-confidentialite\/\" \/>\n<meta property=\"og:site_name\" content=\"Bedeo Tech\" \/>\n<meta property=\"article:modified_time\" content=\"2025-02-06T11:34:34+00:00\" \/>\n<meta name=\"twitter:card\" content=\"summary_large_image\" \/>\n<meta name=\"twitter:label1\" content=\"Dur\u00e9e de lecture estim\u00e9e\" \/>\n\t<meta name=\"twitter:data1\" content=\"6 minutes\" \/>\n<script type=\"application\/ld+json\" class=\"yoast-schema-graph\">{\"@context\":\"https:\/\/schema.org\",\"@graph\":[{\"@type\":\"WebPage\",\"@id\":\"https:\/\/bedeo.tech\/fr\/politique-de-confidentialite\/\",\"url\":\"https:\/\/bedeo.tech\/fr\/politique-de-confidentialite\/\",\"name\":\"Politique de confidentialit\u00e9 - Bedeo Tech\",\"isPartOf\":{\"@id\":\"https:\/\/bedeo.tech\/#website\"},\"datePublished\":\"2025-02-03T02:30:18+00:00\",\"dateModified\":\"2025-02-06T11:34:34+00:00\",\"description\":\"A company of visionary engineers making electrification integral to all transport \u2013 by road, sea and air.\",\"breadcrumb\":{\"@id\":\"https:\/\/bedeo.tech\/fr\/politique-de-confidentialite\/#breadcrumb\"},\"inLanguage\":\"fr-FR\",\"potentialAction\":[{\"@type\":\"ReadAction\",\"target\":[\"https:\/\/bedeo.tech\/fr\/politique-de-confidentialite\/\"]}]},{\"@type\":\"BreadcrumbList\",\"@id\":\"https:\/\/bedeo.tech\/fr\/politique-de-confidentialite\/#breadcrumb\",\"itemListElement\":[{\"@type\":\"ListItem\",\"position\":1,\"name\":\"Home\",\"item\":\"https:\/\/bedeo.tech\/\"},{\"@type\":\"ListItem\",\"position\":2,\"name\":\"Politique de confidentialit\u00e9\"}]},{\"@type\":\"WebSite\",\"@id\":\"https:\/\/bedeo.tech\/#website\",\"url\":\"https:\/\/bedeo.tech\/\",\"name\":\"BEDEO\",\"description\":\"\",\"publisher\":{\"@id\":\"https:\/\/bedeo.tech\/#organization\"},\"potentialAction\":[{\"@type\":\"SearchAction\",\"target\":{\"@type\":\"EntryPoint\",\"urlTemplate\":\"https:\/\/bedeo.tech\/?s={search_term_string}\"},\"query-input\":{\"@type\":\"PropertyValueSpecification\",\"valueRequired\":true,\"valueName\":\"search_term_string\"}}],\"inLanguage\":\"fr-FR\"},{\"@type\":\"Organization\",\"@id\":\"https:\/\/bedeo.tech\/#organization\",\"name\":\"BEDEO | Everything but the driver\",\"url\":\"https:\/\/bedeo.tech\/\",\"logo\":{\"@type\":\"ImageObject\",\"inLanguage\":\"fr-FR\",\"@id\":\"https:\/\/bedeo.tech\/#\/schema\/logo\/image\/\",\"url\":null,\"contentUrl\":null,\"width\":null,\"height\":null,\"caption\":\"BEDEO | Everything but the driver\"},\"image\":{\"@id\":\"https:\/\/bedeo.tech\/#\/schema\/logo\/image\/\"}}]}<\/script>\n<!-- \/ Yoast SEO plugin. -->","yoast_head_json":{"title":"Politique de confidentialit\u00e9 - Bedeo Tech","description":"A company of visionary engineers making electrification integral to all transport \u2013 by road, sea and air.","robots":{"index":"index","follow":"follow","max-snippet":"max-snippet:-1","max-image-preview":"max-image-preview:large","max-video-preview":"max-video-preview:-1"},"canonical":"https:\/\/bedeo.tech\/fr\/politique-de-confidentialite\/","og_locale":"fr_FR","og_type":"article","og_title":"Politique de confidentialit\u00e9 - Bedeo Tech","og_description":"A company of visionary engineers making electrification integral to all transport \u2013 by road, sea and air.","og_url":"https:\/\/bedeo.tech\/fr\/politique-de-confidentialite\/","og_site_name":"Bedeo Tech","article_modified_time":"2025-02-06T11:34:34+00:00","twitter_card":"summary_large_image","twitter_misc":{"Dur\u00e9e de lecture estim\u00e9e":"6 minutes"},"schema":{"@context":"https:\/\/schema.org","@graph":[{"@type":"WebPage","@id":"https:\/\/bedeo.tech\/fr\/politique-de-confidentialite\/","url":"https:\/\/bedeo.tech\/fr\/politique-de-confidentialite\/","name":"Politique de confidentialit\u00e9 - Bedeo Tech","isPartOf":{"@id":"https:\/\/bedeo.tech\/#website"},"datePublished":"2025-02-03T02:30:18+00:00","dateModified":"2025-02-06T11:34:34+00:00","description":"A company of visionary engineers making electrification integral to all transport \u2013 by road, sea and air.","breadcrumb":{"@id":"https:\/\/bedeo.tech\/fr\/politique-de-confidentialite\/#breadcrumb"},"inLanguage":"fr-FR","potentialAction":[{"@type":"ReadAction","target":["https:\/\/bedeo.tech\/fr\/politique-de-confidentialite\/"]}]},{"@type":"BreadcrumbList","@id":"https:\/\/bedeo.tech\/fr\/politique-de-confidentialite\/#breadcrumb","itemListElement":[{"@type":"ListItem","position":1,"name":"Home","item":"https:\/\/bedeo.tech\/"},{"@type":"ListItem","position":2,"name":"Politique de confidentialit\u00e9"}]},{"@type":"WebSite","@id":"https:\/\/bedeo.tech\/#website","url":"https:\/\/bedeo.tech\/","name":"BEDEO","description":"","publisher":{"@id":"https:\/\/bedeo.tech\/#organization"},"potentialAction":[{"@type":"SearchAction","target":{"@type":"EntryPoint","urlTemplate":"https:\/\/bedeo.tech\/?s={search_term_string}"},"query-input":{"@type":"PropertyValueSpecification","valueRequired":true,"valueName":"search_term_string"}}],"inLanguage":"fr-FR"},{"@type":"Organization","@id":"https:\/\/bedeo.tech\/#organization","name":"BEDEO | Everything but the driver","url":"https:\/\/bedeo.tech\/","logo":{"@type":"ImageObject","inLanguage":"fr-FR","@id":"https:\/\/bedeo.tech\/#\/schema\/logo\/image\/","url":null,"contentUrl":null,"width":null,"height":null,"caption":"BEDEO | Everything but the driver"},"image":{"@id":"https:\/\/bedeo.tech\/#\/schema\/logo\/image\/"}}]}},"_links":{"self":[{"href":"https:\/\/bedeo.tech\/fr\/wp-json\/wp\/v2\/pages\/6670","targetHints":{"allow":["GET"]}}],"collection":[{"href":"https:\/\/bedeo.tech\/fr\/wp-json\/wp\/v2\/pages"}],"about":[{"href":"https:\/\/bedeo.tech\/fr\/wp-json\/wp\/v2\/types\/page"}],"author":[{"embeddable":true,"href":"https:\/\/bedeo.tech\/fr\/wp-json\/wp\/v2\/users\/1"}],"replies":[{"embeddable":true,"href":"https:\/\/bedeo.tech\/fr\/wp-json\/wp\/v2\/comments?post=6670"}],"version-history":[{"count":0,"href":"https:\/\/bedeo.tech\/fr\/wp-json\/wp\/v2\/pages\/6670\/revisions"}],"wp:attachment":[{"href":"https:\/\/bedeo.tech\/fr\/wp-json\/wp\/v2\/media?parent=6670"}],"curies":[{"name":"wp","href":"https:\/\/api.w.org\/{rel}","templated":true}]}}