{"id":6668,"date":"2025-02-03T01:22:15","date_gmt":"2025-02-03T01:22:15","guid":{"rendered":"https:\/\/bedeo.tech\/marine\/"},"modified":"2025-02-06T11:27:50","modified_gmt":"2025-02-06T11:27:50","slug":"marine","status":"publish","type":"page","link":"https:\/\/bedeo.tech\/fr\/marine\/","title":{"rendered":"Marine"},"content":{"rendered":"\t\t<div data-elementor-type=\"wp-page\" data-elementor-id=\"6668\" class=\"elementor elementor-6668 elementor-324\" data-elementor-post-type=\"page\">\n\t\t\t\t<div class=\"elementor-element elementor-element-a542c8e e-con-full e-flex e-con e-parent\" data-id=\"a542c8e\" data-element_type=\"container\" data-e-type=\"container\" data-settings=\"{&quot;background_background&quot;:&quot;classic&quot;,&quot;animation&quot;:&quot;none&quot;}\">\n\t\t\t\t<div class=\"elementor-element elementor-element-b213eba elementor-widget__width-initial elementor-widget elementor-widget-heading\" data-id=\"b213eba\" data-element_type=\"widget\" data-e-type=\"widget\" data-widget_type=\"heading.default\">\n\t\t\t\t<div class=\"elementor-widget-container\">\n\t\t\t\t\t<h2 class=\"elementor-heading-title elementor-size-default\">Des solutions personnalis\u00e9es pour une exp\u00e9rience nautique \u00e9lectrisante\n<\/h2>\t\t\t\t<\/div>\n\t\t\t\t<\/div>\n\t\t\t\t<div class=\"elementor-element elementor-element-babdbf5 elementor-widget elementor-widget-text-editor\" data-id=\"babdbf5\" data-element_type=\"widget\" data-e-type=\"widget\" data-widget_type=\"text-editor.default\">\n\t\t\t\t<div class=\"elementor-widget-container\">\n\t\t\t\t\t\t\t\t\t<p>BEDEO Marine fabrique des solutions de propulsion haute tension fiables et personnalis\u00e9es<br \/>puissantes et efficaces.<\/p>\n\t\t\t\t\t\t\t\t<\/div>\n\t\t\t\t<\/div>\n\t\t\t\t<div class=\"elementor-element elementor-element-c5da4f9 elementor-align-center elementor-widget elementor-widget-button\" data-id=\"c5da4f9\" data-element_type=\"widget\" data-e-type=\"widget\" data-widget_type=\"button.default\">\n\t\t\t\t<div class=\"elementor-widget-container\">\n\t\t\t\t\t\t\t\t\t<div class=\"elementor-button-wrapper\">\n\t\t\t\t\t<a class=\"elementor-button elementor-button-link elementor-size-sm\" href=\"https:\/\/r1.dotdigital-pages.com\/p\/5471-EA3\/bedeomarine\" target=\"_blank\">\n\t\t\t\t\t\t<span class=\"elementor-button-content-wrapper\">\n\t\t\t\t\t\t\t\t\t<span class=\"elementor-button-text\">En savoir plus<\/span>\n\t\t\t\t\t<\/span>\n\t\t\t\t\t<\/a>\n\t\t\t\t<\/div>\n\t\t\t\t\t\t\t\t<\/div>\n\t\t\t\t<\/div>\n\t\t\t\t<\/div>\n\t\t<div class=\"elementor-element elementor-element-7b553bd e-con-full e-flex e-con e-parent\" data-id=\"7b553bd\" data-element_type=\"container\" data-e-type=\"container\" data-settings=\"{&quot;background_background&quot;:&quot;classic&quot;}\">\n\t\t\t\t<div class=\"elementor-element elementor-element-9308f4d elementor-widget elementor-widget-video\" data-id=\"9308f4d\" data-element_type=\"widget\" data-e-type=\"widget\" data-settings=\"{&quot;video_type&quot;:&quot;hosted&quot;,&quot;controls&quot;:&quot;yes&quot;}\" data-widget_type=\"video.default\">\n\t\t\t\t<div class=\"elementor-widget-container\">\n\t\t\t\t\t\t\t<div class=\"e-hosted-video elementor-wrapper elementor-open-inline\">\n\t\t\t\t\t<video class=\"elementor-video\" src=\"https:\/\/bedeo.tech\/wp-content\/uploads\/2025\/02\/Promovideo.mp4\" controls=\"\" preload=\"metadata\" controlsList=\"nodownload\"><\/video>\n\t\t\t\t<\/div>\n\t\t\t\t\t\t<\/div>\n\t\t\t\t<\/div>\n\t\t\t\t<\/div>\n\t\t<div class=\"elementor-element elementor-element-1ab1206 elementor-hidden-tablet elementor-hidden-mobile e-flex e-con-boxed e-con e-parent\" data-id=\"1ab1206\" data-element_type=\"container\" data-e-type=\"container\" data-settings=\"{&quot;background_background&quot;:&quot;classic&quot;}\">\n\t\t\t\t\t<div class=\"e-con-inner\">\n\t\t<div class=\"elementor-element elementor-element-4a2eb89 e-con-full e-flex e-con e-child\" data-id=\"4a2eb89\" data-element_type=\"container\" data-e-type=\"container\">\n\t\t\t\t<div class=\"elementor-element elementor-element-cfc51d3 elementor-widget elementor-widget-image\" data-id=\"cfc51d3\" data-element_type=\"widget\" data-e-type=\"widget\" data-widget_type=\"image.default\">\n\t\t\t\t<div class=\"elementor-widget-container\">\n\t\t\t\t\t\t\t\t\t\t\t\t\t\t\t<img fetchpriority=\"high\" decoding=\"async\" width=\"2000\" height=\"1414\" src=\"https:\/\/bedeo.tech\/wp-content\/uploads\/2025\/02\/BEDEO-MARINE-1-1.webp\" class=\"attachment-full size-full wp-image-335\" alt=\"\" srcset=\"https:\/\/bedeo.tech\/wp-content\/uploads\/2025\/02\/BEDEO-MARINE-1-1.webp 2000w, https:\/\/bedeo.tech\/wp-content\/uploads\/2025\/02\/BEDEO-MARINE-1-1-300x212.webp 300w, https:\/\/bedeo.tech\/wp-content\/uploads\/2025\/02\/BEDEO-MARINE-1-1-1024x724.webp 1024w, https:\/\/bedeo.tech\/wp-content\/uploads\/2025\/02\/BEDEO-MARINE-1-1-768x543.webp 768w, https:\/\/bedeo.tech\/wp-content\/uploads\/2025\/02\/BEDEO-MARINE-1-1-1536x1086.webp 1536w\" sizes=\"(max-width: 2000px) 100vw, 2000px\" \/>\t\t\t\t\t\t\t\t\t\t\t\t\t\t\t<\/div>\n\t\t\t\t<\/div>\n\t\t\t\t<\/div>\n\t\t<div class=\"elementor-element elementor-element-d96b8ab e-con-full e-flex e-con e-child\" data-id=\"d96b8ab\" data-element_type=\"container\" data-e-type=\"container\">\n\t\t\t\t<div class=\"elementor-element elementor-element-3da7d45 elementor-widget elementor-widget-heading\" data-id=\"3da7d45\" data-element_type=\"widget\" data-e-type=\"widget\" data-widget_type=\"heading.default\">\n\t\t\t\t<div class=\"elementor-widget-container\">\n\t\t\t\t\t<h2 class=\"elementor-heading-title elementor-size-default\">BEDEO Marine\n<\/h2>\t\t\t\t<\/div>\n\t\t\t\t<\/div>\n\t\t\t\t<div class=\"elementor-element elementor-element-9cfd12f elementor-widget elementor-widget-text-editor\" data-id=\"9cfd12f\" data-element_type=\"widget\" data-e-type=\"widget\" data-widget_type=\"text-editor.default\">\n\t\t\t\t<div class=\"elementor-widget-container\">\n\t\t\t\t\t\t\t\t\t<p>Nos solutions permettent aux constructeurs de bateaux d&rsquo;offrir des bateaux \u00e9lectriques \u00e0 leurs clients, leur permettant ainsi d&rsquo;explorer de plus grandes distances avec un confort accru. Nos produits sont m\u00e9ticuleusement fabriqu\u00e9s et parfaitement int\u00e9gr\u00e9s pour r\u00e9pondre aux exigences sp\u00e9cifiques de nos clients. <\/p>\n<p>Notre groupe motopropulseur de qualit\u00e9 OEM, y compris le bloc-batterie, est con\u00e7u et fabriqu\u00e9 en interne, ce qui garantit une efficacit\u00e9 maximale.<\/p>\n<p>Notre technologie s&rsquo;est av\u00e9r\u00e9e fiable au cours des 12 derni\u00e8res ann\u00e9es et plus de 50 millions de kilom\u00e8tres ont \u00e9t\u00e9 parcourus par nos v\u00e9hicules.<\/p>\n\t\t\t\t\t\t\t\t<\/div>\n\t\t\t\t<\/div>\n\t\t\t\t<\/div>\n\t\t\t\t\t<\/div>\n\t\t\t\t<\/div>\n\t\t<div class=\"elementor-element elementor-element-53f8159 elementor-hidden-desktop e-flex e-con-boxed e-con e-parent\" data-id=\"53f8159\" data-element_type=\"container\" data-e-type=\"container\" data-settings=\"{&quot;background_background&quot;:&quot;classic&quot;}\">\n\t\t\t\t\t<div class=\"e-con-inner\">\n\t\t<div class=\"elementor-element elementor-element-954acde e-con-full e-flex e-con e-child\" data-id=\"954acde\" data-element_type=\"container\" data-e-type=\"container\">\n\t\t\t\t<div class=\"elementor-element elementor-element-a0791cc elementor-widget elementor-widget-image\" data-id=\"a0791cc\" data-element_type=\"widget\" data-e-type=\"widget\" data-widget_type=\"image.default\">\n\t\t\t\t<div class=\"elementor-widget-container\">\n\t\t\t\t\t\t\t\t\t\t\t\t\t\t\t<img fetchpriority=\"high\" decoding=\"async\" width=\"2000\" height=\"1414\" src=\"https:\/\/bedeo.tech\/wp-content\/uploads\/2025\/02\/BEDEO-MARINE-1-1.webp\" class=\"attachment-full size-full wp-image-335\" alt=\"\" srcset=\"https:\/\/bedeo.tech\/wp-content\/uploads\/2025\/02\/BEDEO-MARINE-1-1.webp 2000w, https:\/\/bedeo.tech\/wp-content\/uploads\/2025\/02\/BEDEO-MARINE-1-1-300x212.webp 300w, https:\/\/bedeo.tech\/wp-content\/uploads\/2025\/02\/BEDEO-MARINE-1-1-1024x724.webp 1024w, https:\/\/bedeo.tech\/wp-content\/uploads\/2025\/02\/BEDEO-MARINE-1-1-768x543.webp 768w, https:\/\/bedeo.tech\/wp-content\/uploads\/2025\/02\/BEDEO-MARINE-1-1-1536x1086.webp 1536w\" sizes=\"(max-width: 2000px) 100vw, 2000px\" \/>\t\t\t\t\t\t\t\t\t\t\t\t\t\t\t<\/div>\n\t\t\t\t<\/div>\n\t\t\t\t<\/div>\n\t\t<div class=\"elementor-element elementor-element-a520fd2 e-con-full e-flex e-con e-child\" data-id=\"a520fd2\" data-element_type=\"container\" data-e-type=\"container\">\n\t\t\t\t<div class=\"elementor-element elementor-element-dff6f7b elementor-widget elementor-widget-heading\" data-id=\"dff6f7b\" data-element_type=\"widget\" data-e-type=\"widget\" data-widget_type=\"heading.default\">\n\t\t\t\t<div class=\"elementor-widget-container\">\n\t\t\t\t\t<h2 class=\"elementor-heading-title elementor-size-default\">BEDEO Marine\n<\/h2>\t\t\t\t<\/div>\n\t\t\t\t<\/div>\n\t\t\t\t<div class=\"elementor-element elementor-element-e7bab93 elementor-widget elementor-widget-text-editor\" data-id=\"e7bab93\" data-element_type=\"widget\" data-e-type=\"widget\" data-widget_type=\"text-editor.default\">\n\t\t\t\t<div class=\"elementor-widget-container\">\n\t\t\t\t\t\t\t\t\t<p>Our technology has proved reliable during the last 12 years and more than 50 million kilometers traveled by our veaOur solutions enable boat builders to offer electric boats to their customers, enabling them to explore greater distances in greater comfort. Our products are meticulously crafted and perfectly integrated to meet our customers&rsquo; specific requirements.hicles. <\/p>\n<p>Our OEM-quality powertrain, including the battery pack, is designed and manufactured in-house, ensuring maximum efficiency.<\/p>\n<p>Our technology has proven reliable over the past 12 years, and our vehicles have covered more than 50 million kilometers.<\/p>\n\t\t\t\t\t\t\t\t<\/div>\n\t\t\t\t<\/div>\n\t\t\t\t<\/div>\n\t\t\t\t\t<\/div>\n\t\t\t\t<\/div>\n\t\t<div class=\"elementor-element elementor-element-39f153b elementor-hidden-tablet elementor-hidden-mobile e-flex e-con-boxed e-con e-parent\" data-id=\"39f153b\" data-element_type=\"container\" data-e-type=\"container\">\n\t\t\t\t\t<div class=\"e-con-inner\">\n\t\t<div class=\"elementor-element elementor-element-3b9338f e-con-full e-flex e-con e-child\" data-id=\"3b9338f\" data-element_type=\"container\" data-e-type=\"container\">\n\t\t\t\t<div class=\"elementor-element elementor-element-def6e9b elementor-widget elementor-widget-heading\" data-id=\"def6e9b\" data-element_type=\"widget\" data-e-type=\"widget\" data-widget_type=\"heading.default\">\n\t\t\t\t<div class=\"elementor-widget-container\">\n\t\t\t\t\t<h2 class=\"elementor-heading-title elementor-size-default\">Offres BEDEO Marine\n<\/h2>\t\t\t\t<\/div>\n\t\t\t\t<\/div>\n\t\t\t\t<div class=\"elementor-element elementor-element-6bca4d1 elementor-widget elementor-widget-text-editor\" data-id=\"6bca4d1\" data-element_type=\"widget\" data-e-type=\"widget\" data-widget_type=\"text-editor.default\">\n\t\t\t\t<div class=\"elementor-widget-container\">\n\t\t\t\t\t\t\t\t\t<p>Des syst\u00e8mes \u00e0 haute tension pour plus de puissance et d&rsquo;efficacit\u00e9, ce qui se traduit par une plus grande autonomie et une vitesse de croisi\u00e8re plus \u00e9lev\u00e9e.<\/p>\n<p>Des solutions personnalis\u00e9es pour r\u00e9pondre \u00e0 vos besoins, notamment en ce qui concerne la forme et la taille de la batterie et la puissance de propulsion.<\/p>\n<p>Un syst\u00e8me fiable qui est utilis\u00e9 quotidiennement par les v\u00e9hicules commerciaux depuis 12 ans.<\/p>\n<p>Service apr\u00e8s-vente.<\/p>\n\t\t\t\t\t\t\t\t<\/div>\n\t\t\t\t<\/div>\n\t\t\t\t<\/div>\n\t\t<div class=\"elementor-element elementor-element-e69592a e-con-full e-flex e-con e-child\" data-id=\"e69592a\" data-element_type=\"container\" data-e-type=\"container\">\n\t\t\t\t<div class=\"elementor-element elementor-element-972ae23 elementor-widget elementor-widget-image\" data-id=\"972ae23\" data-element_type=\"widget\" data-e-type=\"widget\" data-widget_type=\"image.default\">\n\t\t\t\t<div class=\"elementor-widget-container\">\n\t\t\t\t\t\t\t\t\t\t\t\t\t\t\t<img decoding=\"async\" width=\"2560\" height=\"1707\" src=\"https:\/\/bedeo.tech\/wp-content\/uploads\/2025\/02\/DSC1950-Verbeterd-NR-scaled-1.webp\" class=\"attachment-full size-full wp-image-334\" alt=\"\" srcset=\"https:\/\/bedeo.tech\/wp-content\/uploads\/2025\/02\/DSC1950-Verbeterd-NR-scaled-1.webp 2560w, https:\/\/bedeo.tech\/wp-content\/uploads\/2025\/02\/DSC1950-Verbeterd-NR-scaled-1-300x200.webp 300w, https:\/\/bedeo.tech\/wp-content\/uploads\/2025\/02\/DSC1950-Verbeterd-NR-scaled-1-1024x683.webp 1024w, https:\/\/bedeo.tech\/wp-content\/uploads\/2025\/02\/DSC1950-Verbeterd-NR-scaled-1-768x512.webp 768w, https:\/\/bedeo.tech\/wp-content\/uploads\/2025\/02\/DSC1950-Verbeterd-NR-scaled-1-1536x1024.webp 1536w, https:\/\/bedeo.tech\/wp-content\/uploads\/2025\/02\/DSC1950-Verbeterd-NR-scaled-1-2048x1366.webp 2048w\" sizes=\"(max-width: 2560px) 100vw, 2560px\" \/>\t\t\t\t\t\t\t\t\t\t\t\t\t\t\t<\/div>\n\t\t\t\t<\/div>\n\t\t\t\t<\/div>\n\t\t\t\t\t<\/div>\n\t\t\t\t<\/div>\n\t\t<div class=\"elementor-element elementor-element-bf269c8 elementor-hidden-desktop e-flex e-con-boxed e-con e-parent\" data-id=\"bf269c8\" data-element_type=\"container\" data-e-type=\"container\">\n\t\t\t\t\t<div class=\"e-con-inner\">\n\t\t<div class=\"elementor-element elementor-element-2f5b988 e-con-full e-flex e-con e-child\" data-id=\"2f5b988\" data-element_type=\"container\" data-e-type=\"container\">\n\t\t\t\t<div class=\"elementor-element elementor-element-ea71500 elementor-widget elementor-widget-image\" data-id=\"ea71500\" data-element_type=\"widget\" data-e-type=\"widget\" data-widget_type=\"image.default\">\n\t\t\t\t<div class=\"elementor-widget-container\">\n\t\t\t\t\t\t\t\t\t\t\t\t\t\t\t<img decoding=\"async\" width=\"2560\" height=\"1707\" src=\"https:\/\/bedeo.tech\/wp-content\/uploads\/2025\/02\/DSC1950-Verbeterd-NR-scaled-1.webp\" class=\"attachment-full size-full wp-image-334\" alt=\"\" srcset=\"https:\/\/bedeo.tech\/wp-content\/uploads\/2025\/02\/DSC1950-Verbeterd-NR-scaled-1.webp 2560w, https:\/\/bedeo.tech\/wp-content\/uploads\/2025\/02\/DSC1950-Verbeterd-NR-scaled-1-300x200.webp 300w, https:\/\/bedeo.tech\/wp-content\/uploads\/2025\/02\/DSC1950-Verbeterd-NR-scaled-1-1024x683.webp 1024w, https:\/\/bedeo.tech\/wp-content\/uploads\/2025\/02\/DSC1950-Verbeterd-NR-scaled-1-768x512.webp 768w, https:\/\/bedeo.tech\/wp-content\/uploads\/2025\/02\/DSC1950-Verbeterd-NR-scaled-1-1536x1024.webp 1536w, https:\/\/bedeo.tech\/wp-content\/uploads\/2025\/02\/DSC1950-Verbeterd-NR-scaled-1-2048x1366.webp 2048w\" sizes=\"(max-width: 2560px) 100vw, 2560px\" \/>\t\t\t\t\t\t\t\t\t\t\t\t\t\t\t<\/div>\n\t\t\t\t<\/div>\n\t\t\t\t<\/div>\n\t\t<div class=\"elementor-element elementor-element-c036c11 e-con-full e-flex e-con e-child\" data-id=\"c036c11\" data-element_type=\"container\" data-e-type=\"container\">\n\t\t\t\t<div class=\"elementor-element elementor-element-abce81a elementor-widget elementor-widget-heading\" data-id=\"abce81a\" data-element_type=\"widget\" data-e-type=\"widget\" data-widget_type=\"heading.default\">\n\t\t\t\t<div class=\"elementor-widget-container\">\n\t\t\t\t\t<h2 class=\"elementor-heading-title elementor-size-default\">Offres BEDEO Marine\n<\/h2>\t\t\t\t<\/div>\n\t\t\t\t<\/div>\n\t\t\t\t<div class=\"elementor-element elementor-element-c3f6755 elementor-widget elementor-widget-text-editor\" data-id=\"c3f6755\" data-element_type=\"widget\" data-e-type=\"widget\" data-widget_type=\"text-editor.default\">\n\t\t\t\t<div class=\"elementor-widget-container\">\n\t\t\t\t\t\t\t\t\t<p>Des syst\u00e8mes \u00e0 haute tension pour plus de puissance et d&rsquo;efficacit\u00e9, ce qui se traduit par une plus grande autonomie et une vitesse de croisi\u00e8re plus \u00e9lev\u00e9e.<\/p>\n<p>Des solutions personnalis\u00e9es pour r\u00e9pondre \u00e0 vos besoins, notamment en ce qui concerne la forme et la taille de la batterie et la puissance de propulsion.<\/p>\n<p>Un syst\u00e8me fiable qui est utilis\u00e9 quotidiennement par les v\u00e9hicules commerciaux depuis 12 ans.<\/p>\n<p>Service apr\u00e8s-vente.<\/p>\n\t\t\t\t\t\t\t\t<\/div>\n\t\t\t\t<\/div>\n\t\t\t\t<\/div>\n\t\t\t\t\t<\/div>\n\t\t\t\t<\/div>\n\t\t<div class=\"elementor-element elementor-element-f5dbcbe e-flex e-con-boxed e-con e-parent\" data-id=\"f5dbcbe\" data-element_type=\"container\" data-e-type=\"container\" data-settings=\"{&quot;background_background&quot;:&quot;classic&quot;}\">\n\t\t\t\t\t<div class=\"e-con-inner\">\n\t\t\t\t<div class=\"elementor-element elementor-element-b70aeda elementor-align-center elementor-widget elementor-widget-button\" data-id=\"b70aeda\" data-element_type=\"widget\" data-e-type=\"widget\" data-widget_type=\"button.default\">\n\t\t\t\t<div class=\"elementor-widget-container\">\n\t\t\t\t\t\t\t\t\t<div class=\"elementor-button-wrapper\">\n\t\t\t\t\t<a class=\"elementor-button elementor-button-link elementor-size-sm\" href=\"https:\/\/r1.dotdigital-pages.com\/p\/5471-EA3\/bedeomarine\" target=\"_blank\">\n\t\t\t\t\t\t<span class=\"elementor-button-content-wrapper\">\n\t\t\t\t\t\t\t\t\t<span class=\"elementor-button-text\">Cliquez ici pour en savoir plus<\/span>\n\t\t\t\t\t<\/span>\n\t\t\t\t\t<\/a>\n\t\t\t\t<\/div>\n\t\t\t\t\t\t\t\t<\/div>\n\t\t\t\t<\/div>\n\t\t\t\t\t<\/div>\n\t\t\t\t<\/div>\n\t\t\t\t<\/div>\n\t\t","protected":false},"excerpt":{"rendered":"<p>Des solutions personnalis\u00e9es pour une exp\u00e9rience nautique \u00e9lectrisante BEDEO Marine fabrique des solutions de propulsion haute tension fiables et personnalis\u00e9espuissantes et efficaces. En savoir plus https:\/\/bedeo.tech\/wp-content\/uploads\/2025\/02\/Promovideo.mp4 BEDEO Marine Nos solutions permettent aux constructeurs de bateaux d&rsquo;offrir des bateaux \u00e9lectriques \u00e0 leurs clients, leur permettant ainsi d&rsquo;explorer de plus grandes distances avec un confort accru. Nos [&hellip;]<\/p>\n","protected":false},"author":1,"featured_media":0,"parent":0,"menu_order":0,"comment_status":"closed","ping_status":"closed","template":"elementor_header_footer","meta":{"_acf_changed":false,"footnotes":""},"class_list":["post-6668","page","type-page","status-publish","hentry"],"acf":[],"yoast_head":"<!-- This site is optimized with the Yoast SEO plugin v24.3 - https:\/\/yoast.com\/wordpress\/plugins\/seo\/ -->\n<title>Marine - Bedeo Tech<\/title>\n<meta name=\"description\" content=\"A company of visionary engineers making electrification integral to all transport \u2013 by road, sea and air.\" \/>\n<meta name=\"robots\" content=\"index, follow, max-snippet:-1, max-image-preview:large, max-video-preview:-1\" \/>\n<link rel=\"canonical\" href=\"https:\/\/bedeo.tech\/fr\/marine\/\" \/>\n<meta property=\"og:locale\" content=\"fr_FR\" \/>\n<meta property=\"og:type\" content=\"article\" \/>\n<meta property=\"og:title\" content=\"Marine - Bedeo Tech\" \/>\n<meta property=\"og:description\" content=\"A company of visionary engineers making electrification integral to all transport \u2013 by road, sea and air.\" \/>\n<meta property=\"og:url\" content=\"https:\/\/bedeo.tech\/fr\/marine\/\" \/>\n<meta property=\"og:site_name\" content=\"Bedeo Tech\" \/>\n<meta property=\"article:modified_time\" content=\"2025-02-06T11:27:50+00:00\" \/>\n<meta property=\"og:image\" content=\"https:\/\/bedeo.tech\/wp-content\/uploads\/2025\/02\/BEDEO-MARINE-1-1.webp\" \/>\n\t<meta property=\"og:image:width\" content=\"2000\" \/>\n\t<meta property=\"og:image:height\" content=\"1414\" \/>\n\t<meta property=\"og:image:type\" content=\"image\/webp\" \/>\n<meta name=\"twitter:card\" content=\"summary_large_image\" \/>\n<meta name=\"twitter:label1\" content=\"Dur\u00e9e de lecture estim\u00e9e\" \/>\n\t<meta name=\"twitter:data1\" content=\"2 minutes\" \/>\n<script type=\"application\/ld+json\" class=\"yoast-schema-graph\">{\"@context\":\"https:\/\/schema.org\",\"@graph\":[{\"@type\":\"WebPage\",\"@id\":\"https:\/\/bedeo.tech\/fr\/marine\/\",\"url\":\"https:\/\/bedeo.tech\/fr\/marine\/\",\"name\":\"Marine - Bedeo Tech\",\"isPartOf\":{\"@id\":\"https:\/\/bedeo.tech\/#website\"},\"primaryImageOfPage\":{\"@id\":\"https:\/\/bedeo.tech\/fr\/marine\/#primaryimage\"},\"image\":{\"@id\":\"https:\/\/bedeo.tech\/fr\/marine\/#primaryimage\"},\"thumbnailUrl\":\"https:\/\/bedeo.tech\/wp-content\/uploads\/2025\/02\/BEDEO-MARINE-1-1.webp\",\"datePublished\":\"2025-02-03T01:22:15+00:00\",\"dateModified\":\"2025-02-06T11:27:50+00:00\",\"description\":\"A company of visionary engineers making electrification integral to all transport \u2013 by road, sea and air.\",\"breadcrumb\":{\"@id\":\"https:\/\/bedeo.tech\/fr\/marine\/#breadcrumb\"},\"inLanguage\":\"fr-FR\",\"potentialAction\":[{\"@type\":\"ReadAction\",\"target\":[\"https:\/\/bedeo.tech\/fr\/marine\/\"]}]},{\"@type\":\"ImageObject\",\"inLanguage\":\"fr-FR\",\"@id\":\"https:\/\/bedeo.tech\/fr\/marine\/#primaryimage\",\"url\":\"https:\/\/bedeo.tech\/wp-content\/uploads\/2025\/02\/BEDEO-MARINE-1-1.webp\",\"contentUrl\":\"https:\/\/bedeo.tech\/wp-content\/uploads\/2025\/02\/BEDEO-MARINE-1-1.webp\"},{\"@type\":\"BreadcrumbList\",\"@id\":\"https:\/\/bedeo.tech\/fr\/marine\/#breadcrumb\",\"itemListElement\":[{\"@type\":\"ListItem\",\"position\":1,\"name\":\"Home\",\"item\":\"https:\/\/bedeo.tech\/\"},{\"@type\":\"ListItem\",\"position\":2,\"name\":\"Marine\"}]},{\"@type\":\"WebSite\",\"@id\":\"https:\/\/bedeo.tech\/#website\",\"url\":\"https:\/\/bedeo.tech\/\",\"name\":\"BEDEO\",\"description\":\"\",\"publisher\":{\"@id\":\"https:\/\/bedeo.tech\/#organization\"},\"potentialAction\":[{\"@type\":\"SearchAction\",\"target\":{\"@type\":\"EntryPoint\",\"urlTemplate\":\"https:\/\/bedeo.tech\/?s={search_term_string}\"},\"query-input\":{\"@type\":\"PropertyValueSpecification\",\"valueRequired\":true,\"valueName\":\"search_term_string\"}}],\"inLanguage\":\"fr-FR\"},{\"@type\":\"Organization\",\"@id\":\"https:\/\/bedeo.tech\/#organization\",\"name\":\"BEDEO | Everything but the driver\",\"url\":\"https:\/\/bedeo.tech\/\",\"logo\":{\"@type\":\"ImageObject\",\"inLanguage\":\"fr-FR\",\"@id\":\"https:\/\/bedeo.tech\/#\/schema\/logo\/image\/\",\"url\":null,\"contentUrl\":null,\"width\":null,\"height\":null,\"caption\":\"BEDEO | Everything but the driver\"},\"image\":{\"@id\":\"https:\/\/bedeo.tech\/#\/schema\/logo\/image\/\"}}]}<\/script>\n<!-- \/ Yoast SEO plugin. -->","yoast_head_json":{"title":"Marine - Bedeo Tech","description":"A company of visionary engineers making electrification integral to all transport \u2013 by road, sea and air.","robots":{"index":"index","follow":"follow","max-snippet":"max-snippet:-1","max-image-preview":"max-image-preview:large","max-video-preview":"max-video-preview:-1"},"canonical":"https:\/\/bedeo.tech\/fr\/marine\/","og_locale":"fr_FR","og_type":"article","og_title":"Marine - Bedeo Tech","og_description":"A company of visionary engineers making electrification integral to all transport \u2013 by road, sea and air.","og_url":"https:\/\/bedeo.tech\/fr\/marine\/","og_site_name":"Bedeo Tech","article_modified_time":"2025-02-06T11:27:50+00:00","og_image":[{"width":2000,"height":1414,"url":"https:\/\/bedeo.tech\/wp-content\/uploads\/2025\/02\/BEDEO-MARINE-1-1.webp","type":"image\/webp"}],"twitter_card":"summary_large_image","twitter_misc":{"Dur\u00e9e de lecture estim\u00e9e":"2 minutes"},"schema":{"@context":"https:\/\/schema.org","@graph":[{"@type":"WebPage","@id":"https:\/\/bedeo.tech\/fr\/marine\/","url":"https:\/\/bedeo.tech\/fr\/marine\/","name":"Marine - Bedeo Tech","isPartOf":{"@id":"https:\/\/bedeo.tech\/#website"},"primaryImageOfPage":{"@id":"https:\/\/bedeo.tech\/fr\/marine\/#primaryimage"},"image":{"@id":"https:\/\/bedeo.tech\/fr\/marine\/#primaryimage"},"thumbnailUrl":"https:\/\/bedeo.tech\/wp-content\/uploads\/2025\/02\/BEDEO-MARINE-1-1.webp","datePublished":"2025-02-03T01:22:15+00:00","dateModified":"2025-02-06T11:27:50+00:00","description":"A company of visionary engineers making electrification integral to all transport \u2013 by road, sea and air.","breadcrumb":{"@id":"https:\/\/bedeo.tech\/fr\/marine\/#breadcrumb"},"inLanguage":"fr-FR","potentialAction":[{"@type":"ReadAction","target":["https:\/\/bedeo.tech\/fr\/marine\/"]}]},{"@type":"ImageObject","inLanguage":"fr-FR","@id":"https:\/\/bedeo.tech\/fr\/marine\/#primaryimage","url":"https:\/\/bedeo.tech\/wp-content\/uploads\/2025\/02\/BEDEO-MARINE-1-1.webp","contentUrl":"https:\/\/bedeo.tech\/wp-content\/uploads\/2025\/02\/BEDEO-MARINE-1-1.webp"},{"@type":"BreadcrumbList","@id":"https:\/\/bedeo.tech\/fr\/marine\/#breadcrumb","itemListElement":[{"@type":"ListItem","position":1,"name":"Home","item":"https:\/\/bedeo.tech\/"},{"@type":"ListItem","position":2,"name":"Marine"}]},{"@type":"WebSite","@id":"https:\/\/bedeo.tech\/#website","url":"https:\/\/bedeo.tech\/","name":"BEDEO","description":"","publisher":{"@id":"https:\/\/bedeo.tech\/#organization"},"potentialAction":[{"@type":"SearchAction","target":{"@type":"EntryPoint","urlTemplate":"https:\/\/bedeo.tech\/?s={search_term_string}"},"query-input":{"@type":"PropertyValueSpecification","valueRequired":true,"valueName":"search_term_string"}}],"inLanguage":"fr-FR"},{"@type":"Organization","@id":"https:\/\/bedeo.tech\/#organization","name":"BEDEO | Everything but the driver","url":"https:\/\/bedeo.tech\/","logo":{"@type":"ImageObject","inLanguage":"fr-FR","@id":"https:\/\/bedeo.tech\/#\/schema\/logo\/image\/","url":null,"contentUrl":null,"width":null,"height":null,"caption":"BEDEO | Everything but the driver"},"image":{"@id":"https:\/\/bedeo.tech\/#\/schema\/logo\/image\/"}}]}},"_links":{"self":[{"href":"https:\/\/bedeo.tech\/fr\/wp-json\/wp\/v2\/pages\/6668","targetHints":{"allow":["GET"]}}],"collection":[{"href":"https:\/\/bedeo.tech\/fr\/wp-json\/wp\/v2\/pages"}],"about":[{"href":"https:\/\/bedeo.tech\/fr\/wp-json\/wp\/v2\/types\/page"}],"author":[{"embeddable":true,"href":"https:\/\/bedeo.tech\/fr\/wp-json\/wp\/v2\/users\/1"}],"replies":[{"embeddable":true,"href":"https:\/\/bedeo.tech\/fr\/wp-json\/wp\/v2\/comments?post=6668"}],"version-history":[{"count":0,"href":"https:\/\/bedeo.tech\/fr\/wp-json\/wp\/v2\/pages\/6668\/revisions"}],"wp:attachment":[{"href":"https:\/\/bedeo.tech\/fr\/wp-json\/wp\/v2\/media?parent=6668"}],"curies":[{"name":"wp","href":"https:\/\/api.w.org\/{rel}","templated":true}]}}