{"id":6666,"date":"2025-02-03T02:16:38","date_gmt":"2025-02-03T02:16:38","guid":{"rendered":"https:\/\/bedeo.tech\/demandes-de-renseignements-des-medias-et-de-la-presse\/"},"modified":"2025-02-06T11:27:50","modified_gmt":"2025-02-06T11:27:50","slug":"demandes-de-renseignements-des-medias-et-de-la-presse","status":"publish","type":"page","link":"https:\/\/bedeo.tech\/fr\/demandes-de-renseignements-des-medias-et-de-la-presse\/","title":{"rendered":"Demandes de renseignements des m\u00e9dias et de la presse"},"content":{"rendered":"\t\t<div data-elementor-type=\"wp-page\" data-elementor-id=\"6666\" class=\"elementor elementor-6666 elementor-384\" data-elementor-post-type=\"page\">\n\t\t\t\t<div class=\"elementor-element elementor-element-963de9e e-flex e-con-boxed e-con e-parent\" data-id=\"963de9e\" data-element_type=\"container\" data-e-type=\"container\">\n\t\t\t\t\t<div class=\"e-con-inner\">\n\t\t\t\t<div class=\"elementor-element elementor-element-cfbfdea elementor-widget elementor-widget-heading\" data-id=\"cfbfdea\" data-element_type=\"widget\" data-e-type=\"widget\" data-widget_type=\"heading.default\">\n\t\t\t\t<div class=\"elementor-widget-container\">\n\t\t\t\t\t<h2 class=\"elementor-heading-title elementor-size-default\">Demandes de renseignements des m\u00e9dias et de la presse\n\n<\/h2>\t\t\t\t<\/div>\n\t\t\t\t<\/div>\n\t\t\t\t<div class=\"elementor-element elementor-element-6b24d86 elementor-widget-divider--view-line elementor-widget elementor-widget-divider\" data-id=\"6b24d86\" data-element_type=\"widget\" data-e-type=\"widget\" data-widget_type=\"divider.default\">\n\t\t\t\t<div class=\"elementor-widget-container\">\n\t\t\t\t\t\t\t<div class=\"elementor-divider\">\n\t\t\t<span class=\"elementor-divider-separator\">\n\t\t\t\t\t\t<\/span>\n\t\t<\/div>\n\t\t\t\t\t\t<\/div>\n\t\t\t\t<\/div>\n\t\t\t\t<div class=\"elementor-element elementor-element-55dbf65 elementor-widget elementor-widget-text-editor\" data-id=\"55dbf65\" data-element_type=\"widget\" data-e-type=\"widget\" data-widget_type=\"text-editor.default\">\n\t\t\t\t<div class=\"elementor-widget-container\">\n\t\t\t\t\t\t\t\t\t<p>L&rsquo;\u00e9quipe de communication et de marketing est le principal point de contact pour toutes les demandes de renseignements de la presse concernant BEDEO. Pour en savoir plus<\/p>\n<p>Tous nos communiqu\u00e9s de presse et articles d&rsquo;actualit\u00e9 sont disponibles sur notre page d&rsquo;actualit\u00e9s.<\/p>\n<p><strong>Pour contacter notre service de presse :<\/strong><\/p>\n<p><strong>Hannah Burgess<\/strong><br \/>hannah@hannahburgesspr.com<br \/>+44 (0) 7730 570975<\/p>\n<p><strong>Pour contacter l&rsquo;\u00e9quipe marketing de BEDEO :<\/strong><\/p>\n<p> mark.haworth@bedeo.tech<\/p>\n\t\t\t\t\t\t\t\t<\/div>\n\t\t\t\t<\/div>\n\t\t\t\t\t<\/div>\n\t\t\t\t<\/div>\n\t\t\t\t<\/div>\n\t\t","protected":false},"excerpt":{"rendered":"<p>Demandes de renseignements des m\u00e9dias et de la presse L&rsquo;\u00e9quipe de communication et de marketing est le principal point de contact pour toutes les demandes de renseignements de la presse concernant BEDEO. Pour en savoir plus Tous nos communiqu\u00e9s de presse et articles d&rsquo;actualit\u00e9 sont disponibles sur notre page d&rsquo;actualit\u00e9s. Pour contacter notre service de [&hellip;]<\/p>\n","protected":false},"author":1,"featured_media":0,"parent":0,"menu_order":0,"comment_status":"closed","ping_status":"closed","template":"elementor_header_footer","meta":{"_acf_changed":false,"footnotes":""},"class_list":["post-6666","page","type-page","status-publish","hentry"],"acf":[],"yoast_head":"<!-- This site is optimized with the Yoast SEO plugin v24.3 - https:\/\/yoast.com\/wordpress\/plugins\/seo\/ -->\n<title>Demandes de renseignements des m\u00e9dias et de la presse - Bedeo Tech<\/title>\n<meta name=\"description\" content=\"A company of visionary engineers making electrification integral to all transport \u2013 by road, sea and air.\" \/>\n<meta name=\"robots\" content=\"index, follow, max-snippet:-1, max-image-preview:large, max-video-preview:-1\" \/>\n<link rel=\"canonical\" href=\"https:\/\/bedeo.tech\/fr\/demandes-de-renseignements-des-medias-et-de-la-presse\/\" \/>\n<meta property=\"og:locale\" content=\"fr_FR\" \/>\n<meta property=\"og:type\" content=\"article\" \/>\n<meta property=\"og:title\" content=\"Demandes de renseignements des m\u00e9dias et de la presse - Bedeo Tech\" \/>\n<meta property=\"og:description\" content=\"A company of visionary engineers making electrification integral to all transport \u2013 by road, sea and air.\" \/>\n<meta property=\"og:url\" content=\"https:\/\/bedeo.tech\/fr\/demandes-de-renseignements-des-medias-et-de-la-presse\/\" \/>\n<meta property=\"og:site_name\" content=\"Bedeo Tech\" \/>\n<meta property=\"article:modified_time\" content=\"2025-02-06T11:27:50+00:00\" \/>\n<meta name=\"twitter:card\" content=\"summary_large_image\" \/>\n<script type=\"application\/ld+json\" class=\"yoast-schema-graph\">{\"@context\":\"https:\/\/schema.org\",\"@graph\":[{\"@type\":\"WebPage\",\"@id\":\"https:\/\/bedeo.tech\/fr\/demandes-de-renseignements-des-medias-et-de-la-presse\/\",\"url\":\"https:\/\/bedeo.tech\/fr\/demandes-de-renseignements-des-medias-et-de-la-presse\/\",\"name\":\"Demandes de renseignements des m\u00e9dias et de la presse - Bedeo Tech\",\"isPartOf\":{\"@id\":\"https:\/\/bedeo.tech\/#website\"},\"datePublished\":\"2025-02-03T02:16:38+00:00\",\"dateModified\":\"2025-02-06T11:27:50+00:00\",\"description\":\"A company of visionary engineers making electrification integral to all transport \u2013 by road, sea and air.\",\"breadcrumb\":{\"@id\":\"https:\/\/bedeo.tech\/fr\/demandes-de-renseignements-des-medias-et-de-la-presse\/#breadcrumb\"},\"inLanguage\":\"fr-FR\",\"potentialAction\":[{\"@type\":\"ReadAction\",\"target\":[\"https:\/\/bedeo.tech\/fr\/demandes-de-renseignements-des-medias-et-de-la-presse\/\"]}]},{\"@type\":\"BreadcrumbList\",\"@id\":\"https:\/\/bedeo.tech\/fr\/demandes-de-renseignements-des-medias-et-de-la-presse\/#breadcrumb\",\"itemListElement\":[{\"@type\":\"ListItem\",\"position\":1,\"name\":\"Home\",\"item\":\"https:\/\/bedeo.tech\/\"},{\"@type\":\"ListItem\",\"position\":2,\"name\":\"Demandes de renseignements des m\u00e9dias et de la presse\"}]},{\"@type\":\"WebSite\",\"@id\":\"https:\/\/bedeo.tech\/#website\",\"url\":\"https:\/\/bedeo.tech\/\",\"name\":\"BEDEO\",\"description\":\"\",\"publisher\":{\"@id\":\"https:\/\/bedeo.tech\/#organization\"},\"potentialAction\":[{\"@type\":\"SearchAction\",\"target\":{\"@type\":\"EntryPoint\",\"urlTemplate\":\"https:\/\/bedeo.tech\/?s={search_term_string}\"},\"query-input\":{\"@type\":\"PropertyValueSpecification\",\"valueRequired\":true,\"valueName\":\"search_term_string\"}}],\"inLanguage\":\"fr-FR\"},{\"@type\":\"Organization\",\"@id\":\"https:\/\/bedeo.tech\/#organization\",\"name\":\"BEDEO | Everything but the driver\",\"url\":\"https:\/\/bedeo.tech\/\",\"logo\":{\"@type\":\"ImageObject\",\"inLanguage\":\"fr-FR\",\"@id\":\"https:\/\/bedeo.tech\/#\/schema\/logo\/image\/\",\"url\":null,\"contentUrl\":null,\"width\":null,\"height\":null,\"caption\":\"BEDEO | Everything but the driver\"},\"image\":{\"@id\":\"https:\/\/bedeo.tech\/#\/schema\/logo\/image\/\"}}]}<\/script>\n<!-- \/ Yoast SEO plugin. -->","yoast_head_json":{"title":"Demandes de renseignements des m\u00e9dias et de la presse - Bedeo Tech","description":"A company of visionary engineers making electrification integral to all transport \u2013 by road, sea and air.","robots":{"index":"index","follow":"follow","max-snippet":"max-snippet:-1","max-image-preview":"max-image-preview:large","max-video-preview":"max-video-preview:-1"},"canonical":"https:\/\/bedeo.tech\/fr\/demandes-de-renseignements-des-medias-et-de-la-presse\/","og_locale":"fr_FR","og_type":"article","og_title":"Demandes de renseignements des m\u00e9dias et de la presse - Bedeo Tech","og_description":"A company of visionary engineers making electrification integral to all transport \u2013 by road, sea and air.","og_url":"https:\/\/bedeo.tech\/fr\/demandes-de-renseignements-des-medias-et-de-la-presse\/","og_site_name":"Bedeo Tech","article_modified_time":"2025-02-06T11:27:50+00:00","twitter_card":"summary_large_image","schema":{"@context":"https:\/\/schema.org","@graph":[{"@type":"WebPage","@id":"https:\/\/bedeo.tech\/fr\/demandes-de-renseignements-des-medias-et-de-la-presse\/","url":"https:\/\/bedeo.tech\/fr\/demandes-de-renseignements-des-medias-et-de-la-presse\/","name":"Demandes de renseignements des m\u00e9dias et de la presse - Bedeo Tech","isPartOf":{"@id":"https:\/\/bedeo.tech\/#website"},"datePublished":"2025-02-03T02:16:38+00:00","dateModified":"2025-02-06T11:27:50+00:00","description":"A company of visionary engineers making electrification integral to all transport \u2013 by road, sea and air.","breadcrumb":{"@id":"https:\/\/bedeo.tech\/fr\/demandes-de-renseignements-des-medias-et-de-la-presse\/#breadcrumb"},"inLanguage":"fr-FR","potentialAction":[{"@type":"ReadAction","target":["https:\/\/bedeo.tech\/fr\/demandes-de-renseignements-des-medias-et-de-la-presse\/"]}]},{"@type":"BreadcrumbList","@id":"https:\/\/bedeo.tech\/fr\/demandes-de-renseignements-des-medias-et-de-la-presse\/#breadcrumb","itemListElement":[{"@type":"ListItem","position":1,"name":"Home","item":"https:\/\/bedeo.tech\/"},{"@type":"ListItem","position":2,"name":"Demandes de renseignements des m\u00e9dias et de la presse"}]},{"@type":"WebSite","@id":"https:\/\/bedeo.tech\/#website","url":"https:\/\/bedeo.tech\/","name":"BEDEO","description":"","publisher":{"@id":"https:\/\/bedeo.tech\/#organization"},"potentialAction":[{"@type":"SearchAction","target":{"@type":"EntryPoint","urlTemplate":"https:\/\/bedeo.tech\/?s={search_term_string}"},"query-input":{"@type":"PropertyValueSpecification","valueRequired":true,"valueName":"search_term_string"}}],"inLanguage":"fr-FR"},{"@type":"Organization","@id":"https:\/\/bedeo.tech\/#organization","name":"BEDEO | Everything but the driver","url":"https:\/\/bedeo.tech\/","logo":{"@type":"ImageObject","inLanguage":"fr-FR","@id":"https:\/\/bedeo.tech\/#\/schema\/logo\/image\/","url":null,"contentUrl":null,"width":null,"height":null,"caption":"BEDEO | Everything but the driver"},"image":{"@id":"https:\/\/bedeo.tech\/#\/schema\/logo\/image\/"}}]}},"_links":{"self":[{"href":"https:\/\/bedeo.tech\/fr\/wp-json\/wp\/v2\/pages\/6666","targetHints":{"allow":["GET"]}}],"collection":[{"href":"https:\/\/bedeo.tech\/fr\/wp-json\/wp\/v2\/pages"}],"about":[{"href":"https:\/\/bedeo.tech\/fr\/wp-json\/wp\/v2\/types\/page"}],"author":[{"embeddable":true,"href":"https:\/\/bedeo.tech\/fr\/wp-json\/wp\/v2\/users\/1"}],"replies":[{"embeddable":true,"href":"https:\/\/bedeo.tech\/fr\/wp-json\/wp\/v2\/comments?post=6666"}],"version-history":[{"count":0,"href":"https:\/\/bedeo.tech\/fr\/wp-json\/wp\/v2\/pages\/6666\/revisions"}],"wp:attachment":[{"href":"https:\/\/bedeo.tech\/fr\/wp-json\/wp\/v2\/media?parent=6666"}],"curies":[{"name":"wp","href":"https:\/\/api.w.org\/{rel}","templated":true}]}}