{"id":6488,"date":"2025-02-02T23:50:18","date_gmt":"2025-02-02T23:50:18","guid":{"rendered":"https:\/\/demo.eticaretdukkani.com\/bedeo\/soyez-emblematique\/"},"modified":"2026-04-08T08:07:31","modified_gmt":"2026-04-08T07:07:31","slug":"soyez-emblematique","status":"publish","type":"page","link":"https:\/\/bedeo.tech\/fr\/soyez-emblematique\/","title":{"rendered":"Soyez embl\u00e9matique"},"content":{"rendered":"\t\t<div data-elementor-type=\"wp-page\" data-elementor-id=\"6488\" class=\"elementor elementor-6488 elementor-223\" data-elementor-post-type=\"page\">\n\t\t\t\t<div class=\"elementor-element elementor-element-47c5a5d e-con-full e-flex e-con e-parent\" data-id=\"47c5a5d\" data-element_type=\"container\" data-e-type=\"container\" data-settings=\"{&quot;background_background&quot;:&quot;classic&quot;,&quot;animation&quot;:&quot;none&quot;}\">\n\t\t\t\t<div class=\"elementor-element elementor-element-a3d2300 elementor-widget__width-initial elementor-widget elementor-widget-heading\" data-id=\"a3d2300\" data-element_type=\"widget\" data-e-type=\"widget\" data-widget_type=\"heading.default\">\n\t\t\t\t<div class=\"elementor-widget-container\">\n\t\t\t\t\t<h2 class=\"elementor-heading-title elementor-size-default\">Passez votre v\u00e9hicule l\u00e9gendaire \u00e0 l\u2019\u00e9lectrique\n<\/h2>\t\t\t\t<\/div>\n\t\t\t\t<\/div>\n\t\t\t\t<div class=\"elementor-element elementor-element-8013991 elementor-widget elementor-widget-text-editor\" data-id=\"8013991\" data-element_type=\"widget\" data-e-type=\"widget\" data-widget_type=\"text-editor.default\">\n\t\t\t\t<div class=\"elementor-widget-container\">\n\t\t\t\t\t\t\t\t\tTransformez votre v\u00e9hicule embl\u00e9matique en le dotant d&rsquo;un syst\u00e8me de propulsion \u00e9lectrique rentable et \u00e0 haut rendement.<br>Gr\u00e2ce \u00e0 notre syst\u00e8me de propulsion \u00e9lectrique hautement efficient, profitez et prolongez la vie de v\u00f4tre v\u00e9hicule iconique pour de nombreuse ann\u00e9es.\t\t\t\t\t\t\t\t<\/div>\n\t\t\t\t<\/div>\n\t\t\t\t<div class=\"elementor-element elementor-element-8916064 elementor-align-center elementor-widget elementor-widget-button\" data-id=\"8916064\" data-element_type=\"widget\" data-e-type=\"widget\" data-widget_type=\"button.default\">\n\t\t\t\t<div class=\"elementor-widget-container\">\n\t\t\t\t\t\t\t\t\t<div class=\"elementor-button-wrapper\">\n\t\t\t\t\t<a class=\"elementor-button elementor-button-link elementor-size-sm\" href=\"mailto:info@bedeo.tech\" target=\"_blank\">\n\t\t\t\t\t\t<span class=\"elementor-button-content-wrapper\">\n\t\t\t\t\t\t\t\t\t<span class=\"elementor-button-text\">Electrifiez votre ic\u00f4ne<\/span>\n\t\t\t\t\t<\/span>\n\t\t\t\t\t<\/a>\n\t\t\t\t<\/div>\n\t\t\t\t\t\t\t\t<\/div>\n\t\t\t\t<\/div>\n\t\t\t\t<\/div>\n\t\t<div class=\"elementor-element elementor-element-934efb2 e-con-full e-flex e-con e-parent\" data-id=\"934efb2\" data-element_type=\"container\" data-e-type=\"container\" data-settings=\"{&quot;background_background&quot;:&quot;classic&quot;}\">\n\t\t\t\t<div class=\"elementor-element elementor-element-bce8f29 elementor-widget elementor-widget-video\" data-id=\"bce8f29\" data-element_type=\"widget\" data-e-type=\"widget\" data-settings=\"{&quot;video_type&quot;:&quot;hosted&quot;,&quot;controls&quot;:&quot;yes&quot;}\" data-widget_type=\"video.default\">\n\t\t\t\t<div class=\"elementor-widget-container\">\n\t\t\t\t\t\t\t<div class=\"e-hosted-video elementor-wrapper elementor-open-inline\">\n\t\t\t\t\t<video class=\"elementor-video\" src=\"https:\/\/bedeo.tech\/wp-content\/uploads\/2025\/02\/BEDEO-Defender.mp4\" controls=\"\" preload=\"metadata\" controlsList=\"nodownload\"><\/video>\n\t\t\t\t<\/div>\n\t\t\t\t\t\t<\/div>\n\t\t\t\t<\/div>\n\t\t\t\t<\/div>\n\t\t<div class=\"elementor-element elementor-element-9cb8508 e-flex e-con-boxed e-con e-parent\" data-id=\"9cb8508\" data-element_type=\"container\" data-e-type=\"container\" data-settings=\"{&quot;background_background&quot;:&quot;classic&quot;}\">\n\t\t\t\t\t<div class=\"e-con-inner\">\n\t\t\t\t<div class=\"elementor-element elementor-element-901eda9 elementor-align-center elementor-widget elementor-widget-button\" data-id=\"901eda9\" data-element_type=\"widget\" data-e-type=\"widget\" data-widget_type=\"button.default\">\n\t\t\t\t<div class=\"elementor-widget-container\">\n\t\t\t\t\t\t\t\t\t<div class=\"elementor-button-wrapper\">\n\t\t\t\t\t<a class=\"elementor-button elementor-button-link elementor-size-sm\" href=\"https:\/\/bedeo.tech\/wp-content\/uploads\/2025\/03\/Reborn-Electric-Land-Rover-BEDEO.pdf\" target=\"_blank\">\n\t\t\t\t\t\t<span class=\"elementor-button-content-wrapper\">\n\t\t\t\t\t\t\t\t\t<span class=\"elementor-button-text\">T\u00e9l\u00e9chargez la fiche technique du Land Rover Defender 110 ici<\/span>\n\t\t\t\t\t<\/span>\n\t\t\t\t\t<\/a>\n\t\t\t\t<\/div>\n\t\t\t\t\t\t\t\t<\/div>\n\t\t\t\t<\/div>\n\t\t\t\t\t<\/div>\n\t\t\t\t<\/div>\n\t\t\t\t<\/div>\n\t\t","protected":false},"excerpt":{"rendered":"<p>Passez votre v\u00e9hicule l\u00e9gendaire \u00e0 l\u2019\u00e9lectrique Transformez votre v\u00e9hicule embl\u00e9matique en le dotant d&rsquo;un syst\u00e8me de propulsion \u00e9lectrique rentable et \u00e0 haut rendement.Gr\u00e2ce \u00e0 notre syst\u00e8me de propulsion \u00e9lectrique hautement efficient, profitez et prolongez la vie de v\u00f4tre v\u00e9hicule iconique pour de nombreuse ann\u00e9es. Electrifiez votre ic\u00f4ne https:\/\/bedeo.tech\/wp-content\/uploads\/2025\/02\/BEDEO-Defender.mp4 T\u00e9l\u00e9chargez la fiche technique du Land Rover [&hellip;]<\/p>\n","protected":false},"author":1,"featured_media":0,"parent":0,"menu_order":0,"comment_status":"closed","ping_status":"closed","template":"elementor_header_footer","meta":{"_acf_changed":false,"footnotes":""},"class_list":["post-6488","page","type-page","status-publish","hentry"],"acf":[],"yoast_head":"<!-- This site is optimized with the Yoast SEO plugin v24.3 - https:\/\/yoast.com\/wordpress\/plugins\/seo\/ -->\n<title>Soyez embl\u00e9matique - Bedeo Tech<\/title>\n<meta name=\"description\" content=\"A company of visionary engineers making electrification integral to all transport \u2013 by road, sea and air.\" \/>\n<meta name=\"robots\" content=\"index, follow, max-snippet:-1, max-image-preview:large, max-video-preview:-1\" \/>\n<link rel=\"canonical\" href=\"https:\/\/bedeo.tech\/fr\/soyez-emblematique\/\" \/>\n<meta property=\"og:locale\" content=\"fr_FR\" \/>\n<meta property=\"og:type\" content=\"article\" \/>\n<meta property=\"og:title\" content=\"Soyez embl\u00e9matique - Bedeo Tech\" \/>\n<meta property=\"og:description\" content=\"A company of visionary engineers making electrification integral to all transport \u2013 by road, sea and air.\" \/>\n<meta property=\"og:url\" content=\"https:\/\/bedeo.tech\/fr\/soyez-emblematique\/\" \/>\n<meta property=\"og:site_name\" content=\"Bedeo Tech\" \/>\n<meta property=\"article:modified_time\" content=\"2026-04-08T07:07:31+00:00\" \/>\n<meta name=\"twitter:card\" content=\"summary_large_image\" \/>\n<meta name=\"twitter:label1\" content=\"Dur\u00e9e de lecture estim\u00e9e\" \/>\n\t<meta name=\"twitter:data1\" content=\"1 minute\" \/>\n<script type=\"application\/ld+json\" class=\"yoast-schema-graph\">{\"@context\":\"https:\/\/schema.org\",\"@graph\":[{\"@type\":\"WebPage\",\"@id\":\"https:\/\/bedeo.tech\/fr\/soyez-emblematique\/\",\"url\":\"https:\/\/bedeo.tech\/fr\/soyez-emblematique\/\",\"name\":\"Soyez embl\u00e9matique - Bedeo Tech\",\"isPartOf\":{\"@id\":\"https:\/\/bedeo.tech\/#website\"},\"datePublished\":\"2025-02-02T23:50:18+00:00\",\"dateModified\":\"2026-04-08T07:07:31+00:00\",\"description\":\"A company of visionary engineers making electrification integral to all transport \u2013 by road, sea and air.\",\"breadcrumb\":{\"@id\":\"https:\/\/bedeo.tech\/fr\/soyez-emblematique\/#breadcrumb\"},\"inLanguage\":\"fr-FR\",\"potentialAction\":[{\"@type\":\"ReadAction\",\"target\":[\"https:\/\/bedeo.tech\/fr\/soyez-emblematique\/\"]}]},{\"@type\":\"BreadcrumbList\",\"@id\":\"https:\/\/bedeo.tech\/fr\/soyez-emblematique\/#breadcrumb\",\"itemListElement\":[{\"@type\":\"ListItem\",\"position\":1,\"name\":\"Home\",\"item\":\"https:\/\/bedeo.tech\/\"},{\"@type\":\"ListItem\",\"position\":2,\"name\":\"Soyez embl\u00e9matique\"}]},{\"@type\":\"WebSite\",\"@id\":\"https:\/\/bedeo.tech\/#website\",\"url\":\"https:\/\/bedeo.tech\/\",\"name\":\"BEDEO\",\"description\":\"\",\"publisher\":{\"@id\":\"https:\/\/bedeo.tech\/#organization\"},\"potentialAction\":[{\"@type\":\"SearchAction\",\"target\":{\"@type\":\"EntryPoint\",\"urlTemplate\":\"https:\/\/bedeo.tech\/?s={search_term_string}\"},\"query-input\":{\"@type\":\"PropertyValueSpecification\",\"valueRequired\":true,\"valueName\":\"search_term_string\"}}],\"inLanguage\":\"fr-FR\"},{\"@type\":\"Organization\",\"@id\":\"https:\/\/bedeo.tech\/#organization\",\"name\":\"BEDEO | Everything but the driver\",\"url\":\"https:\/\/bedeo.tech\/\",\"logo\":{\"@type\":\"ImageObject\",\"inLanguage\":\"fr-FR\",\"@id\":\"https:\/\/bedeo.tech\/#\/schema\/logo\/image\/\",\"url\":null,\"contentUrl\":null,\"width\":null,\"height\":null,\"caption\":\"BEDEO | Everything but the driver\"},\"image\":{\"@id\":\"https:\/\/bedeo.tech\/#\/schema\/logo\/image\/\"}}]}<\/script>\n<!-- \/ Yoast SEO plugin. -->","yoast_head_json":{"title":"Soyez embl\u00e9matique - Bedeo Tech","description":"A company of visionary engineers making electrification integral to all transport \u2013 by road, sea and air.","robots":{"index":"index","follow":"follow","max-snippet":"max-snippet:-1","max-image-preview":"max-image-preview:large","max-video-preview":"max-video-preview:-1"},"canonical":"https:\/\/bedeo.tech\/fr\/soyez-emblematique\/","og_locale":"fr_FR","og_type":"article","og_title":"Soyez embl\u00e9matique - Bedeo Tech","og_description":"A company of visionary engineers making electrification integral to all transport \u2013 by road, sea and air.","og_url":"https:\/\/bedeo.tech\/fr\/soyez-emblematique\/","og_site_name":"Bedeo Tech","article_modified_time":"2026-04-08T07:07:31+00:00","twitter_card":"summary_large_image","twitter_misc":{"Dur\u00e9e de lecture estim\u00e9e":"1 minute"},"schema":{"@context":"https:\/\/schema.org","@graph":[{"@type":"WebPage","@id":"https:\/\/bedeo.tech\/fr\/soyez-emblematique\/","url":"https:\/\/bedeo.tech\/fr\/soyez-emblematique\/","name":"Soyez embl\u00e9matique - Bedeo Tech","isPartOf":{"@id":"https:\/\/bedeo.tech\/#website"},"datePublished":"2025-02-02T23:50:18+00:00","dateModified":"2026-04-08T07:07:31+00:00","description":"A company of visionary engineers making electrification integral to all transport \u2013 by road, sea and air.","breadcrumb":{"@id":"https:\/\/bedeo.tech\/fr\/soyez-emblematique\/#breadcrumb"},"inLanguage":"fr-FR","potentialAction":[{"@type":"ReadAction","target":["https:\/\/bedeo.tech\/fr\/soyez-emblematique\/"]}]},{"@type":"BreadcrumbList","@id":"https:\/\/bedeo.tech\/fr\/soyez-emblematique\/#breadcrumb","itemListElement":[{"@type":"ListItem","position":1,"name":"Home","item":"https:\/\/bedeo.tech\/"},{"@type":"ListItem","position":2,"name":"Soyez embl\u00e9matique"}]},{"@type":"WebSite","@id":"https:\/\/bedeo.tech\/#website","url":"https:\/\/bedeo.tech\/","name":"BEDEO","description":"","publisher":{"@id":"https:\/\/bedeo.tech\/#organization"},"potentialAction":[{"@type":"SearchAction","target":{"@type":"EntryPoint","urlTemplate":"https:\/\/bedeo.tech\/?s={search_term_string}"},"query-input":{"@type":"PropertyValueSpecification","valueRequired":true,"valueName":"search_term_string"}}],"inLanguage":"fr-FR"},{"@type":"Organization","@id":"https:\/\/bedeo.tech\/#organization","name":"BEDEO | Everything but the driver","url":"https:\/\/bedeo.tech\/","logo":{"@type":"ImageObject","inLanguage":"fr-FR","@id":"https:\/\/bedeo.tech\/#\/schema\/logo\/image\/","url":null,"contentUrl":null,"width":null,"height":null,"caption":"BEDEO | Everything but the driver"},"image":{"@id":"https:\/\/bedeo.tech\/#\/schema\/logo\/image\/"}}]}},"_links":{"self":[{"href":"https:\/\/bedeo.tech\/fr\/wp-json\/wp\/v2\/pages\/6488","targetHints":{"allow":["GET"]}}],"collection":[{"href":"https:\/\/bedeo.tech\/fr\/wp-json\/wp\/v2\/pages"}],"about":[{"href":"https:\/\/bedeo.tech\/fr\/wp-json\/wp\/v2\/types\/page"}],"author":[{"embeddable":true,"href":"https:\/\/bedeo.tech\/fr\/wp-json\/wp\/v2\/users\/1"}],"replies":[{"embeddable":true,"href":"https:\/\/bedeo.tech\/fr\/wp-json\/wp\/v2\/comments?post=6488"}],"version-history":[{"count":6,"href":"https:\/\/bedeo.tech\/fr\/wp-json\/wp\/v2\/pages\/6488\/revisions"}],"predecessor-version":[{"id":7041,"href":"https:\/\/bedeo.tech\/fr\/wp-json\/wp\/v2\/pages\/6488\/revisions\/7041"}],"wp:attachment":[{"href":"https:\/\/bedeo.tech\/fr\/wp-json\/wp\/v2\/media?parent=6488"}],"curies":[{"name":"wp","href":"https:\/\/api.w.org\/{rel}","templated":true}]}}